{"id":265,"date":"2019-04-06T10:00:49","date_gmt":"2019-04-06T10:00:49","guid":{"rendered":"http:\/\/192.168.2.116:8080\/wordpress\/?page_id=265"},"modified":"2023-01-18T19:01:03","modified_gmt":"2023-01-18T19:01:03","slug":"preise","status":"publish","type":"page","link":"https:\/\/ferienwohnung-seitz-aufsess.de\/?page_id=265","title":{"rendered":"Preise"},"content":{"rendered":"\n<p>F\u00fcr 3 &#8211; 4 Personen<\/p>\n\n\n\n<ul class=\"wp-block-list\">\n<li>2 N\u00e4chte: 125 \u20ac \/ Nacht<\/li>\n\n\n\n<li>3 &#8211; 6 N\u00e4chte: 100 \u20ac \/ Nacht<\/li>\n\n\n\n<li>ab 7 N\u00e4chte: 80 \u20ac \/ Nacht\n<ul class=\"wp-block-list\"><\/ul>\n<\/li>\n<\/ul>\n\n\n\n<p>&nbsp;<\/p>\n\n\n\n<p>ab 2 N\u00e4chten buchbar<\/p>\n\n\n\n<p>F\u00fcr eine f\u00fcnfte Person zahlen Sie lediglich 10 \u20ac Aufpreis pro Nacht.<\/p>\n\n\n\n<p>&nbsp;<\/p>\n\n\n\n<p>Endreinigung, Strom und Wasser inkl.<\/p>\n\n\n\n<p>1-2 Personen auf Anfrage<\/p>\n\n\n\n<p>An- und Abreise nach Absprache<\/p>\n\n\n\n<p>Sollten Sie noch Fragen haben, kontaktieren Sie uns einfach.<\/p>\n","protected":false},"excerpt":{"rendered":"<p>F\u00fcr 3 &#8211; 4 Personen &nbsp; ab 2 N\u00e4chten buchbar F\u00fcr eine f\u00fcnfte Person zahlen Sie lediglich 10 \u20ac Aufpreis pro Nacht. &nbsp; Endreinigung, Strom und Wasser inkl. 1-2 Personen auf Anfrage An- und Abreise nach Absprache Sollten Sie noch Fragen haben, kontaktieren Sie uns einfach.<\/p>\n","protected":false},"author":2,"featured_media":0,"parent":0,"menu_order":0,"comment_status":"closed","ping_status":"closed","template":"","meta":{"ngg_post_thumbnail":0,"footnotes":""},"class_list":["post-265","page","type-page","status-publish","hentry"],"_links":{"self":[{"href":"https:\/\/ferienwohnung-seitz-aufsess.de\/index.php?rest_route=\/wp\/v2\/pages\/265","targetHints":{"allow":["GET"]}}],"collection":[{"href":"https:\/\/ferienwohnung-seitz-aufsess.de\/index.php?rest_route=\/wp\/v2\/pages"}],"about":[{"href":"https:\/\/ferienwohnung-seitz-aufsess.de\/index.php?rest_route=\/wp\/v2\/types\/page"}],"author":[{"embeddable":true,"href":"https:\/\/ferienwohnung-seitz-aufsess.de\/index.php?rest_route=\/wp\/v2\/users\/2"}],"replies":[{"embeddable":true,"href":"https:\/\/ferienwohnung-seitz-aufsess.de\/index.php?rest_route=%2Fwp%2Fv2%2Fcomments&post=265"}],"version-history":[{"count":11,"href":"https:\/\/ferienwohnung-seitz-aufsess.de\/index.php?rest_route=\/wp\/v2\/pages\/265\/revisions"}],"predecessor-version":[{"id":373,"href":"https:\/\/ferienwohnung-seitz-aufsess.de\/index.php?rest_route=\/wp\/v2\/pages\/265\/revisions\/373"}],"wp:attachment":[{"href":"https:\/\/ferienwohnung-seitz-aufsess.de\/index.php?rest_route=%2Fwp%2Fv2%2Fmedia&parent=265"}],"curies":[{"name":"wp","href":"https:\/\/api.w.org\/{rel}","templated":true}]}}