{"id":149,"date":"2019-03-30T10:43:35","date_gmt":"2019-03-30T10:43:35","guid":{"rendered":"http:\/\/192.168.2.123:8080\/wordpress\/?page_id=149"},"modified":"2019-04-09T09:18:18","modified_gmt":"2019-04-09T09:18:18","slug":"datenschutz","status":"publish","type":"page","link":"https:\/\/ferienwohnung-seitz-aufsess.de\/?page_id=149","title":{"rendered":"Datenschutz"},"content":{"rendered":"\n<h2 class=\"wp-block-heading\"><strong>Datenschutzerkl\u00e4rung<\/strong><\/h2>\n\n\n\n<h3 class=\"wp-block-heading\">Grundlegendes<\/h3>\n\n\n\n<p>Anhand dieser Datenschutzerkl\u00e4rung soll dem Nutzer dieser Website \u00fcber Art, Umfang und den Zweck der Erhebung und Verwendung personenbezogener Daten durch den Websitebetreiber (Susanne Seitz, Steingrube 3, 91347 Aufse\u00df) informieren.<\/p>\n\n\n\n<p>Datenschutz ist dem Websitebetrieber sehr wichtig. Ihre personenbezogenen Daten werden h\u00f6chst vertraulich und entsprechend der gesetzlichen Vorschriften verarbeitet. Durch \u00c4nderungen an dieser Website sind \u00c4nderungen an dieser Datenschutzerkl\u00e4rung m\u00f6glich. Es wird empfohlen, dass Sie die Datenschutzerkl\u00e4rung in regelm\u00e4\u00dfigen Abst\u00e4nden erneut durchlesen.<\/p>\n\n\n\n<p>Definitionen der verwendeten Begriffe (z.B.\n\u201cpersonenbezogene Daten\u201d oder \u201cVerarbeitung\u201d) finden Sie in Art. 4 DSGVO.<\/p>\n\n\n\n<h3 class=\"wp-block-heading\">Zugriffsdaten<\/h3>\n\n\n\n<p>Wir, der Websitebetreiber bzw. Seitenprovider,\nerheben aufgrund unseres berechtigten Interesses (s. Art. 6 Abs. 1 lit. f.\nDSGVO) Daten \u00fcber Zugriffe auf die Website und speichern diese als\n\u201eServer-Logfiles\u201c auf dem Server der Website ab. Folgende Daten werden so\nprotokolliert:<\/p>\n\n\n\n<ul class=\"wp-block-list\"><li>Besuchte\nWebsite<\/li><li>Uhrzeit\nzum Zeitpunkt des Zugriffes<\/li><li>Menge\nder gesendeten Daten in Byte<\/li><li>Quelle\/Verweis,\nvon welchem Sie auf die Seite gelangten<\/li><li>Verwendeter\nBrowser<\/li><li>Verwendetes\nBetriebssystem<\/li><li>Verwendete\nIP-Adresse<\/li><\/ul>\n\n\n\n<p>Die Server-Logfiles werden f\u00fcr maximal 7 Tage\ngespeichert und anschlie\u00dfend gel\u00f6scht. Die Speicherung der Daten erfolgt aus\nSicherheitsgr\u00fcnden, um z. B. Missbrauchsf\u00e4lle aufkl\u00e4ren zu k\u00f6nnen. M\u00fcssen Daten\naus Beweisgr\u00fcnden aufgehoben werden, sind sie solange von der L\u00f6schung\nausgenommen bis der Vorfall endg\u00fcltig gekl\u00e4rt ist.<\/p>\n\n\n\n<h3 class=\"wp-block-heading\">Reichweitenmessung\n&amp; Cookies<\/h3>\n\n\n\n<p>Zum Zweck der pseudonymisierten Reichweitenmessung verwendet diese Website Cookies, die von unserem Server oder dem Server Dritter an Ihren Browser zur Identifizierung und Erh\u00f6hrung der Benutzerfreundlichkeit \u00fcbertragen werden. Cookies sind kleine Dateien, die auf dem Endger\u00e4t zur weiteren Nutzung durch den Browser gespeichert werden.<\/p>\n\n\n\n<p>Die meisten Browser bieten eine Option, die Speicherung von Cookies zu unterbinden. M\u00f6glicherweise wird die Nutzererfahrung auf dieser Webseite dadurch eingeschr\u00e4nkt.<\/p>\n\n\n\n<p>Erfassung und Verarbeitung personenbezogener\nDaten<\/p>\n\n\n\n<p>Durch den Webseitenbetreiber werden unter Umst\u00e4nden personenbezogene Daten erhoben und genutzt. Als personenbezogene Daten werden s\u00e4mtliche Informationen bezeichnet, die es erlauben R\u00fcckschl\u00fcsse auf Ihre Person zu ziehen bzw. zu Ihnen zur\u00fcckverfolgt werden k\u00f6nnen. Dazu z\u00e4hlen unter anderem Namen, Email Adressen oder Telefonnummern.<\/p>\n\n\n\n<p>Die Verarbeitung der erhobenen Daten geschieht in \u00dcbereinstimmung mit geltendem Recht bzw. mit Ihrer Zustimmung.<\/p>\n\n\n\n<p>Generell ist die Nutzung dieser Webseite auch ohne die Angabe pers\u00f6nlicher Daten m\u00f6glich. Allerdings speichern wir zur Optimierung unseres Angebots Ihre Zugriffsdaten (z.B. besuchte Seite, Internetprovider, Browser&#8230;) anonymisiert, also ohne die M\u00f6glichkeit R\u00fcckschl\u00fcsse auf Ihre Person zu ziehen.<\/p>\n\n\n\n<h4 class=\"wp-block-heading\">Datenerfassung<\/h4>\n\n\n\n<p>Die von dieser Webseite erhobenen Daten werden vom Websitebetreiber (siehe <a href=\"https:\/\/ferienwohnung-seitz-aufsess.de\/?page_id=137\">Impressum<\/a>) verarbeitet.  Einige Daten werden systembedingt automatisch erfasst. Hierbei handelt es sich vor allem um technische Daten wie Browser, Betriebssystem und Uhrzeit.<\/p>\n\n\n\n<p>Diese Daten dienen uns zur Ermittlung des Nutzungsverhaltens und zur Erkennung und Behebung von Fehlern auf dieser Webseite.<\/p>\n\n\n\n<h3 class=\"wp-block-heading\"><strong>Umgang mit Kontaktdaten<\/strong><\/h3>\n\n\n\n<p>Sofern Sie durch das von uns bereitgestellte Kontaktformular Verbindung zu uns aufnehmen, werden Ihre Angaben zum Zweck der Bearbeitung und Beantwortung Ihrer Anfrage gespeichert. Eine Weitergabe der Daten an Dritte erfolgt nur nach Ihrer expliziten Zustimmung.<\/p>\n\n\n\n<h3 class=\"wp-block-heading\">L\u00f6schung von Daten<\/h3>\n\n\n\n<p> Sofern Ihr Wunsch nicht mit einer gesetzlichen Pflicht zur Aufbewahrung von Daten (z. B. Vorratsdatenspeicherung) kollidiert, haben Sie ein Anrecht auf L\u00f6schung Ihrer Daten. Von uns gespeicherte Daten werden, sollten sie f\u00fcr ihre Zweckbestimmung nicht mehr vonn\u00f6ten sein und es keine gesetzlichen Aufbewahrungsfristen geben, gel\u00f6scht. Falls eine L\u00f6schung nicht durchgef\u00fchrt werden kann, da die Daten f\u00fcr zul\u00e4ssige gesetzliche Zwecke erforderlich sind, erfolgt eine Einschr\u00e4nkung der Datenverarbeitung. In diesem Fall werden die Daten gesperrt und nicht f\u00fcr andere Zwecke verarbeitet. <\/p>\n\n\n\n<h3 class=\"wp-block-heading\">Widerspruchsrecht<\/h3>\n\n\n\n<p>Nutzer dieser Webseite k\u00f6nnen von ihrem Widerspruchsrecht Gebrauch machen und der Verarbeitung ihrer personenbezogenen Daten zu jeder Zeit widersprechen.<\/p>\n\n\n\n<p>Wenn Sie eine Berichtigung, Sperrung, L\u00f6schung oder Auskunft \u00fcber die zu Ihrer Person gespeicherten personenbezogenen Daten w\u00fcnschen oder Fragen bzgl. der Erhebung, Verarbeitung oder Verwendung Ihrer personenbezogenen Daten haben oder erteilte Einwilligungen widerrufen m\u00f6chten, wenden Sie sich bitte an folgende E-Mail-Adresse: info@ferienwohnung-seitz-aufsess.de<\/p>\n\n\n\n<h3 class=\"wp-block-heading\"><strong>Google Maps Plugin<\/strong><\/h3>\n\n\n\n<p>Diese Webseite verwendet zur Identifizierung von Orten (<a href=\"https:\/\/ferienwohnung-seitz-aufsess.de\/?page_id=131\">Anreise<\/a>) das Produkt Goolge Maps der Google Inc. Durch die Nutzung dieser Webseite erkl\u00e4ren Sie sich mit der Erfassung, Verarbeitung und Nutzung automatisiert erhobener Daten durch Goolge Inc, derer Vertreter und Dritter einverstanden. <\/p>\n\n\n\n<p>Zu den <a href=\"https:\/\/www.google.com\/intl\/de_de\/help\/terms_maps.html\">Nutzungbedingungen <\/a>von Google Maps. <\/p>\n","protected":false},"excerpt":{"rendered":"<p>Datenschutzerkl\u00e4rung Grundlegendes Anhand dieser Datenschutzerkl\u00e4rung soll dem Nutzer dieser Website \u00fcber Art, Umfang und den Zweck der Erhebung und Verwendung personenbezogener Daten durch den Websitebetreiber (Susanne Seitz, Steingrube 3, 91347 Aufse\u00df) informieren. Datenschutz ist dem Websitebetrieber sehr wichtig. Ihre personenbezogenen Daten werden h\u00f6chst vertraulich und entsprechend der gesetzlichen Vorschriften verarbeitet. Durch \u00c4nderungen an dieser Website sind \u00c4nderungen an dieser Datenschutzerkl\u00e4rung m\u00f6glich. Es wird empfohlen, dass Sie die Datenschutzerkl\u00e4rung in regelm\u00e4\u00dfigen Abst\u00e4nden erneut durchlesen. Definitionen der verwendeten Begriffe (z.B. \u201cpersonenbezogene Daten\u201d oder \u201cVerarbeitung\u201d) finden Sie in Art. 4 DSGVO. Zugriffsdaten Wir, der Websitebetreiber bzw. Seitenprovider, erheben aufgrund unseres berechtigten Interesses (s. Art. 6 Abs. 1 lit. f. DSGVO) Daten \u00fcber Zugriffe&#8230;<\/p>\n","protected":false},"author":2,"featured_media":0,"parent":0,"menu_order":0,"comment_status":"closed","ping_status":"closed","template":"","meta":{"ngg_post_thumbnail":0,"footnotes":""},"class_list":["post-149","page","type-page","status-publish","hentry"],"_links":{"self":[{"href":"https:\/\/ferienwohnung-seitz-aufsess.de\/index.php?rest_route=\/wp\/v2\/pages\/149","targetHints":{"allow":["GET"]}}],"collection":[{"href":"https:\/\/ferienwohnung-seitz-aufsess.de\/index.php?rest_route=\/wp\/v2\/pages"}],"about":[{"href":"https:\/\/ferienwohnung-seitz-aufsess.de\/index.php?rest_route=\/wp\/v2\/types\/page"}],"author":[{"embeddable":true,"href":"https:\/\/ferienwohnung-seitz-aufsess.de\/index.php?rest_route=\/wp\/v2\/users\/2"}],"replies":[{"embeddable":true,"href":"https:\/\/ferienwohnung-seitz-aufsess.de\/index.php?rest_route=%2Fwp%2Fv2%2Fcomments&post=149"}],"version-history":[{"count":1,"href":"https:\/\/ferienwohnung-seitz-aufsess.de\/index.php?rest_route=\/wp\/v2\/pages\/149\/revisions"}],"predecessor-version":[{"id":340,"href":"https:\/\/ferienwohnung-seitz-aufsess.de\/index.php?rest_route=\/wp\/v2\/pages\/149\/revisions\/340"}],"wp:attachment":[{"href":"https:\/\/ferienwohnung-seitz-aufsess.de\/index.php?rest_route=%2Fwp%2Fv2%2Fmedia&parent=149"}],"curies":[{"name":"wp","href":"https:\/\/api.w.org\/{rel}","templated":true}]}}