{"id":121,"date":"2019-03-30T09:54:02","date_gmt":"2019-03-30T09:54:02","guid":{"rendered":"http:\/\/192.168.2.123:8080\/wordpress\/?page_id=121"},"modified":"2019-06-20T12:12:19","modified_gmt":"2019-06-20T12:12:19","slug":"ferienwohnung","status":"publish","type":"page","link":"https:\/\/ferienwohnung-seitz-aufsess.de\/?page_id=121","title":{"rendered":"Ferienwohnung"},"content":{"rendered":"\n<p>F\u00fchlen Sie sich in unserer gro\u00dfz\u00fcgigen Ferienwohnung mit ihren 65m\u00b2  wie zu Hause. Der separate Eingang zur Wohnung sorgt f\u00fcr Diskretion.<\/p>\n\n\n\nngg_shortcode_0_placeholder\n\n\n\n<h2 class=\"wp-block-heading\">Schlafzimmer<\/h2>\n\n\n\n<p style=\"text-align:left\">Mit Doppel- und Stockbett ausgestattet bietet das Schlafzimmer ausreichend Platz f\u00fcr 4 Personen. <\/p>\n\n\n\n<p>Bettw\u00e4sche vorhanden<\/p>\n\n\n\n<h2 class=\"wp-block-heading\">Wohnzimmer<\/h2>\n\n\n\n<p>Auf der bequemen Schlafcouch k\u00f6nnen Sie entspannt den Tag z.B. bei Ihrer Lieblingssendung im TV, ausklingen lassen.<br>Bei Bedarf dient die Couch als zus\u00e4tzliche Schlafm\u00f6glichkeit f\u00fcr eine weitere Person.<\/p>\n\n\n\n<h2 class=\"wp-block-heading\">K\u00fcche<\/h2>\n\n\n\n<p>In der voll ausgestatteten K\u00fcche mit integriertem Essbereich genie\u00dfen Sie Ihre gemeinsamen Mahlzeiten. <\/p>\n\n\n\n<p><strong>Austattung:<\/strong><\/p>\n\n\n\n<ul class=\"wp-block-list\"><li>Backofen \/ Cerankochfeld<\/li><li>Mikrowelle<\/li><li>Sp\u00fclmaschine<\/li><li>Gefrier- \/ K\u00fchlkombination<\/li><li>Toaster \/ Wasserkocher \/ Kaffeemaschine<\/li><li>T\u00f6pfe \/ Pfannen<\/li><li>Gl\u00e4ser \/ Geschirr \/ Besteck<\/li><li>Geschirrt\u00fccher vorhanden<\/li><\/ul>\n\n\n\n<h2 class=\"wp-block-heading\">Bad<\/h2>\n\n\n\n<p>Das geflieste Bad verf\u00fcgt \u00fcber Dusche, Waschbecken und WC.<\/p>\n\n\n\n<p>Handt\u00fccher vohanden<\/p>\n\n\n\n<p><br><br><strong>Haustiere nicht erlaubt<\/strong><\/p>\n","protected":false},"excerpt":{"rendered":"<p>F\u00fchlen Sie sich in unserer gro\u00dfz\u00fcgigen Ferienwohnung mit ihren 65m\u00b2 wie zu Hause. Der separate Eingang zur Wohnung sorgt f\u00fcr Diskretion. Schlafzimmer Mit Doppel- und Stockbett ausgestattet bietet das Schlafzimmer ausreichend Platz f\u00fcr 4 Personen. Bettw\u00e4sche vorhanden Wohnzimmer Auf der bequemen Schlafcouch k\u00f6nnen Sie entspannt den Tag z.B. bei Ihrer Lieblingssendung im TV, ausklingen lassen.Bei Bedarf dient die Couch als zus\u00e4tzliche Schlafm\u00f6glichkeit f\u00fcr eine weitere Person. K\u00fcche In der voll ausgestatteten K\u00fcche mit integriertem Essbereich genie\u00dfen Sie Ihre gemeinsamen Mahlzeiten. Austattung: Backofen \/ Cerankochfeld Mikrowelle Sp\u00fclmaschine Gefrier- \/ K\u00fchlkombination Toaster \/ Wasserkocher \/ Kaffeemaschine T\u00f6pfe \/ Pfannen Gl\u00e4ser \/ Geschirr \/ Besteck Geschirrt\u00fccher vorhanden Bad Das geflieste Bad verf\u00fcgt \u00fcber&#8230;<\/p>\n","protected":false},"author":2,"featured_media":0,"parent":0,"menu_order":0,"comment_status":"closed","ping_status":"closed","template":"","meta":{"ngg_post_thumbnail":0,"footnotes":""},"class_list":["post-121","page","type-page","status-publish","hentry"],"_links":{"self":[{"href":"https:\/\/ferienwohnung-seitz-aufsess.de\/index.php?rest_route=\/wp\/v2\/pages\/121","targetHints":{"allow":["GET"]}}],"collection":[{"href":"https:\/\/ferienwohnung-seitz-aufsess.de\/index.php?rest_route=\/wp\/v2\/pages"}],"about":[{"href":"https:\/\/ferienwohnung-seitz-aufsess.de\/index.php?rest_route=\/wp\/v2\/types\/page"}],"author":[{"embeddable":true,"href":"https:\/\/ferienwohnung-seitz-aufsess.de\/index.php?rest_route=\/wp\/v2\/users\/2"}],"replies":[{"embeddable":true,"href":"https:\/\/ferienwohnung-seitz-aufsess.de\/index.php?rest_route=%2Fwp%2Fv2%2Fcomments&post=121"}],"version-history":[{"count":4,"href":"https:\/\/ferienwohnung-seitz-aufsess.de\/index.php?rest_route=\/wp\/v2\/pages\/121\/revisions"}],"predecessor-version":[{"id":356,"href":"https:\/\/ferienwohnung-seitz-aufsess.de\/index.php?rest_route=\/wp\/v2\/pages\/121\/revisions\/356"}],"wp:attachment":[{"href":"https:\/\/ferienwohnung-seitz-aufsess.de\/index.php?rest_route=%2Fwp%2Fv2%2Fmedia&parent=121"}],"curies":[{"name":"wp","href":"https:\/\/api.w.org\/{rel}","templated":true}]}}