{"id":115,"date":"2019-03-30T09:24:37","date_gmt":"2019-03-30T09:24:37","guid":{"rendered":"http:\/\/192.168.2.123:8080\/wordpress\/?page_id=115"},"modified":"2019-04-10T17:09:17","modified_gmt":"2019-04-10T17:09:17","slug":"home","status":"publish","type":"page","link":"https:\/\/ferienwohnung-seitz-aufsess.de\/","title":{"rendered":"Ferienwohnung Seitz in der fr\u00e4nkischen Schweiz"},"content":{"rendered":"\n<p style=\"text-align:left\">Mit der sch\u00f6nen H\u00fcgellandschaft, den markanten Felsformationen und H\u00f6hlen, sowie der Vielzahl an Burgen und Ruinen l\u00e4dt die Fr\u00e4nkische Schweiz zu ausgedehnten Wanderungen und Radtouren auf dem gut ausgebauten Wegenetz ein.  <\/p>\n\n\n\n<div class=\"wp-block-image\"><figure class=\"alignright is-resized\"><img loading=\"lazy\" decoding=\"async\" src=\"https:\/\/ferienwohnung-seitz-aufsess.de\/wp-content\/uploads\/2019\/04\/IMG_5836-2-1024x683.jpg\" alt=\"\" class=\"wp-image-295\" width=\"256\" height=\"171\" srcset=\"https:\/\/ferienwohnung-seitz-aufsess.de\/wp-content\/uploads\/2019\/04\/IMG_5836-2-1024x683.jpg 1024w, https:\/\/ferienwohnung-seitz-aufsess.de\/wp-content\/uploads\/2019\/04\/IMG_5836-2-300x200.jpg 300w, https:\/\/ferienwohnung-seitz-aufsess.de\/wp-content\/uploads\/2019\/04\/IMG_5836-2-768x512.jpg 768w\" sizes=\"auto, (max-width: 256px) 100vw, 256px\" \/><\/figure><\/div>\n\n\n\n<p style=\"text-align:left\">Genie\u00dfen Sie Ihren Urlaub in unserer hellen, modern und komfortabel eingerichteten Ferienwohnung mitten in der fr\u00e4nkischen Schweiz. <\/p>\n\n\n\n<p style=\"text-align:left\">Wir bieten Ihnen eine gro\u00dfz\u00fcgige, voll ausgestattete K\u00fcche mit Essbereich, im Schlafzimmer stehen ein Doppelbett und ein Stockbett. Im gro\u00dfen, gem\u00fctlichen Wohnzimmer befindet sich eine Schlafcouch und ein TV (Satellit). Vom Wohnzimmer aus haben Sie direkten Zugang zum Garten und zur Terrasse mit Gartenm\u00f6beln. Grillen erlaubt (kein Grill vorhanden)<br>Das moderne Bad ist ausgestattet mit Dusche und WC.                                                                                                   <\/p>\n\n\n\n<p style=\"text-align:left\">PKW Stellplatz vor dem Haus und WLAN vorhanden.<\/p>\n","protected":false},"excerpt":{"rendered":"<p>Mit der sch\u00f6nen H\u00fcgellandschaft, den markanten Felsformationen und H\u00f6hlen, sowie der Vielzahl an Burgen und Ruinen l\u00e4dt die Fr\u00e4nkische Schweiz zu ausgedehnten Wanderungen und Radtouren auf dem gut ausgebauten Wegenetz ein. Genie\u00dfen Sie Ihren Urlaub in unserer hellen, modern und komfortabel eingerichteten Ferienwohnung mitten in der fr\u00e4nkischen Schweiz. Wir bieten Ihnen eine gro\u00dfz\u00fcgige, voll ausgestattete K\u00fcche mit Essbereich, im Schlafzimmer stehen ein Doppelbett und ein Stockbett. Im gro\u00dfen, gem\u00fctlichen Wohnzimmer befindet sich eine Schlafcouch und ein TV (Satellit). Vom Wohnzimmer aus haben Sie direkten Zugang zum Garten und zur Terrasse mit Gartenm\u00f6beln. Grillen erlaubt (kein Grill vorhanden)Das moderne Bad ist ausgestattet mit Dusche und WC. PKW Stellplatz vor dem Haus&#8230;<\/p>\n","protected":false},"author":2,"featured_media":0,"parent":0,"menu_order":0,"comment_status":"closed","ping_status":"closed","template":"","meta":{"ngg_post_thumbnail":0,"footnotes":""},"class_list":["post-115","page","type-page","status-publish","hentry"],"_links":{"self":[{"href":"https:\/\/ferienwohnung-seitz-aufsess.de\/index.php?rest_route=\/wp\/v2\/pages\/115","targetHints":{"allow":["GET"]}}],"collection":[{"href":"https:\/\/ferienwohnung-seitz-aufsess.de\/index.php?rest_route=\/wp\/v2\/pages"}],"about":[{"href":"https:\/\/ferienwohnung-seitz-aufsess.de\/index.php?rest_route=\/wp\/v2\/types\/page"}],"author":[{"embeddable":true,"href":"https:\/\/ferienwohnung-seitz-aufsess.de\/index.php?rest_route=\/wp\/v2\/users\/2"}],"replies":[{"embeddable":true,"href":"https:\/\/ferienwohnung-seitz-aufsess.de\/index.php?rest_route=%2Fwp%2Fv2%2Fcomments&post=115"}],"version-history":[{"count":3,"href":"https:\/\/ferienwohnung-seitz-aufsess.de\/index.php?rest_route=\/wp\/v2\/pages\/115\/revisions"}],"predecessor-version":[{"id":347,"href":"https:\/\/ferienwohnung-seitz-aufsess.de\/index.php?rest_route=\/wp\/v2\/pages\/115\/revisions\/347"}],"wp:attachment":[{"href":"https:\/\/ferienwohnung-seitz-aufsess.de\/index.php?rest_route=%2Fwp%2Fv2%2Fmedia&parent=115"}],"curies":[{"name":"wp","href":"https:\/\/api.w.org\/{rel}","templated":true}]}}